{"id":15,"date":"2017-10-14T14:43:34","date_gmt":"2017-10-14T12:43:34","guid":{"rendered":"https:\/\/schwedentraum.lima-city.de\/?page_id=15"},"modified":"2017-10-29T14:45:31","modified_gmt":"2017-10-29T13:45:31","slug":"ueber-mich","status":"publish","type":"page","link":"https:\/\/schwedentraum.lima-city.de\/index.php\/ueber-mich\/","title":{"rendered":"\u00dcber uns"},"content":{"rendered":"<p>Wir, das sind:<\/p>\n<p>Christine,<br \/>\nDirk<br \/>\nund unser Briardmischling Pauli<\/p>\n<p>Es war seit vielen Jahren unser Traum von einem\u00a0 ruhigen Haus inmitten der Natur\u00a0 um der Hektik und dem L\u00e4rm der Stadt zu entfliehen.<br \/>\nUnd was liegt Skandinavien Fans n\u00e4her als sich diesen Traum in einem Land wie Schweden zu erf\u00fcllen.<br \/>\nDiesen Traum konnten wir nun im Sommer 2017 nach einiger intensiver Planung umsetzen.<\/p>\n<p>Auf den Bildern weiter unten seht ihr, das es nicht nur allein ein menschlicher sondern auch ein tierischer Traum war den wir uns erf\u00fcllt haben. Pauli liebt einfach alles, den Fuchs der unser Grundst\u00fcck solange beherbergen durfte bis er als unser &#8222;Hofhund&#8220;\u00a0 f\u00fcr Recht und Ordnung sorgte, wie auch die ausgedehnten Spazierg\u00e4nge und das streunen in fast unber\u00fchrter Natur.<\/p>\n","protected":false},"excerpt":{"rendered":"<p>Wir, das sind: Christine, Dirk und unser Briardmischling Pauli Es war seit vielen Jahren unser Traum von einem\u00a0 ruhigen Haus inmitten der Natur\u00a0 um der Hektik und dem L\u00e4rm der Stadt zu entfliehen. Und was liegt Skandinavien Fans n\u00e4her als sich diesen Traum in einem Land wie Schweden zu erf\u00fcllen. Diesen Traum konnten wir nun &hellip; <\/p>\n<p class=\"link-more\"><a href=\"https:\/\/schwedentraum.lima-city.de\/index.php\/ueber-mich\/\" class=\"more-link\"><span class=\"screen-reader-text\">\u201e\u00dcber uns\u201c<\/span> weiterlesen<\/a><\/p>\n","protected":false},"author":1,"featured_media":7,"parent":0,"menu_order":0,"comment_status":"closed","ping_status":"closed","template":"","meta":[],"_links":{"self":[{"href":"https:\/\/schwedentraum.lima-city.de\/index.php\/wp-json\/wp\/v2\/pages\/15"}],"collection":[{"href":"https:\/\/schwedentraum.lima-city.de\/index.php\/wp-json\/wp\/v2\/pages"}],"about":[{"href":"https:\/\/schwedentraum.lima-city.de\/index.php\/wp-json\/wp\/v2\/types\/page"}],"author":[{"embeddable":true,"href":"https:\/\/schwedentraum.lima-city.de\/index.php\/wp-json\/wp\/v2\/users\/1"}],"replies":[{"embeddable":true,"href":"https:\/\/schwedentraum.lima-city.de\/index.php\/wp-json\/wp\/v2\/comments?post=15"}],"version-history":[{"count":5,"href":"https:\/\/schwedentraum.lima-city.de\/index.php\/wp-json\/wp\/v2\/pages\/15\/revisions"}],"predecessor-version":[{"id":123,"href":"https:\/\/schwedentraum.lima-city.de\/index.php\/wp-json\/wp\/v2\/pages\/15\/revisions\/123"}],"wp:featuredmedia":[{"embeddable":true,"href":"https:\/\/schwedentraum.lima-city.de\/index.php\/wp-json\/wp\/v2\/media\/7"}],"wp:attachment":[{"href":"https:\/\/schwedentraum.lima-city.de\/index.php\/wp-json\/wp\/v2\/media?parent=15"}],"curies":[{"name":"wp","href":"https:\/\/api.w.org\/{rel}","templated":true}]}}