{"id":17,"date":"2017-10-14T14:43:34","date_gmt":"2017-10-14T12:43:34","guid":{"rendered":"https:\/\/schwedentraum.lima-city.de\/?page_id=17"},"modified":"2017-12-16T14:36:41","modified_gmt":"2017-12-16T13:36:41","slug":"blog","status":"publish","type":"page","link":"https:\/\/schwedentraum.lima-city.de\/index.php\/blog\/","title":{"rendered":"Blog"},"content":{"rendered":"<p>Nach unserem Herbst in Schweden wollen wir nun den Winter in unserer Wahlheimat testen. Es ist der Hammer!! Am 2. Dezember sind wir hier angekommen. Ohne skandinavische Winterbereifung und Schneeketten w\u00e4hren wir nie im Leben zu unserem Haus gekommen. Wir haben Bilder von unserem Fr\u00fchst\u00fcckssee, der bei diesen Temperaturen genauso zugefroren ist wie der &#8222;gro\u00dfe&#8220; See, der ca. 800 Meter hinter unserem Haus liegt. Auch &#8222;Post holen&#8220; haben wir dokumentiert.\u00a0 Nils, unser Fuchs, hat sich auch trefflich in Pose gesetzt.<br \/>\nSchaut doch einfach mal unter Bilder vorbei.<\/p>\n","protected":false},"excerpt":{"rendered":"<p>Nach unserem Herbst in Schweden wollen wir nun den Winter in unserer Wahlheimat testen. Es ist der Hammer!! Am 2. Dezember sind wir hier angekommen. Ohne skandinavische Winterbereifung und Schneeketten w\u00e4hren wir nie im Leben zu unserem Haus gekommen. Wir haben Bilder von unserem Fr\u00fchst\u00fcckssee, der bei diesen Temperaturen genauso zugefroren ist wie der &#8222;gro\u00dfe&#8220; &hellip; <\/p>\n<p class=\"link-more\"><a href=\"https:\/\/schwedentraum.lima-city.de\/index.php\/blog\/\" class=\"more-link\"><span class=\"screen-reader-text\">\u201eBlog\u201c<\/span> weiterlesen<\/a><\/p>\n","protected":false},"author":1,"featured_media":9,"parent":0,"menu_order":0,"comment_status":"closed","ping_status":"closed","template":"","meta":[],"_links":{"self":[{"href":"https:\/\/schwedentraum.lima-city.de\/index.php\/wp-json\/wp\/v2\/pages\/17"}],"collection":[{"href":"https:\/\/schwedentraum.lima-city.de\/index.php\/wp-json\/wp\/v2\/pages"}],"about":[{"href":"https:\/\/schwedentraum.lima-city.de\/index.php\/wp-json\/wp\/v2\/types\/page"}],"author":[{"embeddable":true,"href":"https:\/\/schwedentraum.lima-city.de\/index.php\/wp-json\/wp\/v2\/users\/1"}],"replies":[{"embeddable":true,"href":"https:\/\/schwedentraum.lima-city.de\/index.php\/wp-json\/wp\/v2\/comments?post=17"}],"version-history":[{"count":4,"href":"https:\/\/schwedentraum.lima-city.de\/index.php\/wp-json\/wp\/v2\/pages\/17\/revisions"}],"predecessor-version":[{"id":278,"href":"https:\/\/schwedentraum.lima-city.de\/index.php\/wp-json\/wp\/v2\/pages\/17\/revisions\/278"}],"wp:featuredmedia":[{"embeddable":true,"href":"https:\/\/schwedentraum.lima-city.de\/index.php\/wp-json\/wp\/v2\/media\/9"}],"wp:attachment":[{"href":"https:\/\/schwedentraum.lima-city.de\/index.php\/wp-json\/wp\/v2\/media?parent=17"}],"curies":[{"name":"wp","href":"https:\/\/api.w.org\/{rel}","templated":true}]}}